{"id":253,"date":"2024-07-17T08:19:38","date_gmt":"2024-07-17T08:19:38","guid":{"rendered":"https:\/\/humanitarius.dev.weborigo.eu\/?page_id=253"},"modified":"2024-08-07T12:51:21","modified_gmt":"2024-08-07T12:51:21","slug":"tudastar","status":"publish","type":"page","link":"https:\/\/mhsa.hu\/?page_id=253","title":{"rendered":"K\u00f6z\u00e9rdek\u0171 adatok"},"content":{"rendered":"\t\t<div data-elementor-type=\"wp-page\" data-elementor-id=\"253\" class=\"elementor elementor-253\">\n\t\t\t\t\t\t\t\t\t<section class=\"elementor-section elementor-top-section elementor-element elementor-element-512fa92 elementor-section-full_width elementor-section-stretched elementor-section-height-default elementor-section-height-default\" data-id=\"512fa92\" data-element_type=\"section\" data-settings=\"{&quot;stretch_section&quot;:&quot;section-stretched&quot;}\">\n\t\t\t\t\t\t<div class=\"elementor-container elementor-column-gap-no\">\n\t\t\t\t\t<div class=\"elementor-column elementor-col-100 elementor-top-column elementor-element elementor-element-07a7406\" data-id=\"07a7406\" data-element_type=\"column\">\n\t\t\t<div class=\"elementor-widget-wrap elementor-element-populated\">\n\t\t\t\t\t\t\t\t<div class=\"elementor-element elementor-element-a15d384 elementor--h-position-center elementor--v-position-middle elementor-arrows-position-inside elementor-pagination-position-inside elementor-widget elementor-widget-slides\" data-id=\"a15d384\" data-element_type=\"widget\" data-settings=\"{&quot;navigation&quot;:&quot;both&quot;,&quot;autoplay&quot;:&quot;yes&quot;,&quot;pause_on_hover&quot;:&quot;yes&quot;,&quot;pause_on_interaction&quot;:&quot;yes&quot;,&quot;autoplay_speed&quot;:5000,&quot;infinite&quot;:&quot;yes&quot;,&quot;transition&quot;:&quot;slide&quot;,&quot;transition_speed&quot;:500}\" data-widget_type=\"slides.default\">\n\t\t\t\t<div class=\"elementor-widget-container\">\n\t\t\t<style>\/*! elementor-pro - v3.10.2 - 17-01-2023 *\/\n.elementor-slides .swiper-slide-bg{background-size:cover;background-position:50%;background-repeat:no-repeat;min-width:100%;min-height:100%}.elementor-slides .swiper-slide-inner{background-repeat:no-repeat;background-position:50%;position:absolute;top:0;left:0;bottom:0;right:0;padding:50px;margin:auto}.elementor-slides .swiper-slide-inner,.elementor-slides .swiper-slide-inner:hover{color:#fff;display:flex}.elementor-slides .swiper-slide-inner .elementor-background-overlay{position:absolute;z-index:0;top:0;bottom:0;left:0;right:0}.elementor-slides .swiper-slide-inner .elementor-slide-content{position:relative;z-index:1;width:100%}.elementor-slides .swiper-slide-inner .elementor-slide-heading{font-size:35px;font-weight:700;line-height:1}.elementor-slides .swiper-slide-inner .elementor-slide-description{font-size:17px;line-height:1.4}.elementor-slides .swiper-slide-inner .elementor-slide-description:not(:last-child),.elementor-slides .swiper-slide-inner .elementor-slide-heading:not(:last-child){margin-bottom:30px}.elementor-slides .swiper-slide-inner .elementor-slide-button{border:2px solid #fff;color:#fff;background:transparent;display:inline-block}.elementor-slides .swiper-slide-inner .elementor-slide-button,.elementor-slides .swiper-slide-inner .elementor-slide-button:hover{background:transparent;color:inherit;text-decoration:none}.elementor--v-position-top .swiper-slide-inner{align-items:flex-start}.elementor--v-position-bottom .swiper-slide-inner{align-items:flex-end}.elementor--v-position-middle .swiper-slide-inner{align-items:center}.elementor--h-position-left .swiper-slide-inner{justify-content:flex-start}.elementor--h-position-right .swiper-slide-inner{justify-content:flex-end}.elementor--h-position-center .swiper-slide-inner{justify-content:center}body.rtl .elementor-widget-slides .elementor-swiper-button-next{left:10px;right:auto}body.rtl .elementor-widget-slides .elementor-swiper-button-prev{right:10px;left:auto}.elementor-slides-wrapper div:not(.swiper-slide)>.swiper-slide-inner{display:none}@media (max-width:767px){.elementor-slides .swiper-slide-inner{padding:30px}.elementor-slides .swiper-slide-inner .elementor-slide-heading{font-size:23px;line-height:1;margin-bottom:15px}.elementor-slides .swiper-slide-inner .elementor-slide-description{font-size:13px;line-height:1.4;margin-bottom:15px}}<\/style>\t\t<div class=\"elementor-swiper\">\n\t\t\t<div class=\"elementor-slides-wrapper elementor-main-swiper swiper-container\" dir=\"ltr\" data-animation=\"fadeInUp\">\n\t\t\t\t<div class=\"swiper-wrapper elementor-slides\">\n\t\t\t\t\t\t\t\t\t\t<div class=\"elementor-repeater-item-02f81f5 swiper-slide\"><div class=\"swiper-slide-bg\"><\/div><div class=\"elementor-background-overlay\"><\/div><div class=\"swiper-slide-inner\" ><div class=\"swiper-slide-contents\"><\/div><\/div><\/div>\t\t\t\t<\/div>\n\t\t\t\t\t\t\t<\/div>\n\t\t<\/div>\n\t\t\t\t<\/div>\n\t\t\t\t<\/div>\n\t\t\t\t\t<\/div>\n\t\t<\/div>\n\t\t\t\t\t\t\t<\/div>\n\t\t<\/section>\n\t\t\t\t<section class=\"elementor-section elementor-top-section elementor-element elementor-element-974abd2 elementor-section-full_width elementor-section-height-default elementor-section-height-default\" data-id=\"974abd2\" data-element_type=\"section\">\n\t\t\t\t\t\t<div class=\"elementor-container elementor-column-gap-default\">\n\t\t\t\t\t<div class=\"elementor-column elementor-col-100 elementor-top-column elementor-element elementor-element-8e324d4\" data-id=\"8e324d4\" data-element_type=\"column\">\n\t\t\t<div class=\"elementor-widget-wrap elementor-element-populated\">\n\t\t\t\t\t\t\t\t<div class=\"elementor-element elementor-element-10c4d28 elementor-widget elementor-widget-heading\" data-id=\"10c4d28\" data-element_type=\"widget\" data-widget_type=\"heading.default\">\n\t\t\t\t<div class=\"elementor-widget-container\">\n\t\t\t<style>\/*! elementor - v3.10.1 - 17-01-2023 *\/\n.elementor-heading-title{padding:0;margin:0;line-height:1}.elementor-widget-heading .elementor-heading-title[class*=elementor-size-]>a{color:inherit;font-size:inherit;line-height:inherit}.elementor-widget-heading .elementor-heading-title.elementor-size-small{font-size:15px}.elementor-widget-heading .elementor-heading-title.elementor-size-medium{font-size:19px}.elementor-widget-heading .elementor-heading-title.elementor-size-large{font-size:29px}.elementor-widget-heading .elementor-heading-title.elementor-size-xl{font-size:39px}.elementor-widget-heading .elementor-heading-title.elementor-size-xxl{font-size:59px}<\/style><h2 class=\"elementor-heading-title elementor-size-default\">I. Szervezeti, szem\u00e9lyzeti adatok<\/h2>\t\t<\/div>\n\t\t\t\t<\/div>\n\t\t\t\t<div class=\"elementor-element elementor-element-cafebba elementor-widget elementor-widget-ova_list_icon\" data-id=\"cafebba\" data-element_type=\"widget\" data-widget_type=\"ova_list_icon.default\">\n\t\t\t\t<div class=\"elementor-widget-container\">\n\t\t\t\t\t\n\t\t\t\t\t<div class=\"ova-list-icon\" >\n\t\t\t\t\t\t\t\t\t<div class=\"v3\">\n\t\t\t\t\t\t\t\t\t\t\t\t\t<a href=\"https:\/\/mhsa.hu\/wp-content\/uploads\/2023\/12\/mhsa-bemutatkozo.pdf\" class=\"elementor-repeater-item-482d2eb\">\n\t\t\t\t\t\t\t\t<i class=\"fa-file-pdf-o \"><\/i>\n\t\t\t\t\t\t\t\tPDF 2\t\t\t\t\t\t\t<\/a>\n\t\t\t\t\t\t\t\t\t\t\t\t\t<a href=\"https:\/\/mhsa.hu\/wp-content\/uploads\/2023\/12\/mhsa-bemutatkozo.pdf\" class=\"elementor-repeater-item-2ecdb39\">\n\t\t\t\t\t\t\t\t<i class=\"fa-file-pdf-o \"><\/i>\n\t\t\t\t\t\t\t\tPDF 2\t\t\t\t\t\t\t<\/a>\n\t\t\t\t\t\t\t\t\t\t\t<\/div>\n\t\t\t\t\t\t\t<\/div>\n\t\t\t\t<\/div>\n\t\t\t\t<\/div>\n\t\t\t\t\t<\/div>\n\t\t<\/div>\n\t\t\t\t\t\t\t<\/div>\n\t\t<\/section>\n\t\t\t\t<section class=\"elementor-section elementor-top-section elementor-element elementor-element-40b24ab elementor-section-full_width elementor-section-height-default elementor-section-height-default\" data-id=\"40b24ab\" data-element_type=\"section\">\n\t\t\t\t\t\t<div class=\"elementor-container elementor-column-gap-default\">\n\t\t\t\t\t<div class=\"elementor-column elementor-col-100 elementor-top-column elementor-element elementor-element-8acf080\" data-id=\"8acf080\" data-element_type=\"column\">\n\t\t\t<div class=\"elementor-widget-wrap elementor-element-populated\">\n\t\t\t\t\t\t\t\t<div class=\"elementor-element elementor-element-8d12e48 elementor-widget elementor-widget-heading\" data-id=\"8d12e48\" data-element_type=\"widget\" data-widget_type=\"heading.default\">\n\t\t\t\t<div class=\"elementor-widget-container\">\n\t\t\t<h2 class=\"elementor-heading-title elementor-size-default\">II. Tev\u00e9kenys\u00e9gre, m\u0171k\u00f6d\u00e9sre vonatkoz\u00f3 adatok<\/h2>\t\t<\/div>\n\t\t\t\t<\/div>\n\t\t\t\t<div class=\"elementor-element elementor-element-998dbd3 elementor-widget elementor-widget-ova_list_icon\" data-id=\"998dbd3\" data-element_type=\"widget\" data-widget_type=\"ova_list_icon.default\">\n\t\t\t\t<div class=\"elementor-widget-container\">\n\t\t\t\t\t\n\t\t\t\t\t<div class=\"ova-list-icon\" >\n\t\t\t\t\t\t\t\t\t<div class=\"v3\">\n\t\t\t\t\t\t\t\t\t\t\t\t\t<a href=\"https:\/\/mhsa.hu\/wp-content\/uploads\/2023\/12\/mhsa-bemutatkozo.pdf\" class=\"elementor-repeater-item-482d2eb\">\n\t\t\t\t\t\t\t\t<i class=\"fa-file-pdf-o\"><\/i>\n\t\t\t\t\t\t\t\tPDF 2\t\t\t\t\t\t\t<\/a>\n\t\t\t\t\t\t\t\t\t\t\t\t\t<a href=\"https:\/\/mhsa.hu\/wp-content\/uploads\/2023\/12\/mhsa-bemutatkozo.pdf\" class=\"elementor-repeater-item-2ecdb39\">\n\t\t\t\t\t\t\t\t<i class=\"fa-file-pdf-o \"><\/i>\n\t\t\t\t\t\t\t\tPDF 2\t\t\t\t\t\t\t<\/a>\n\t\t\t\t\t\t\t\t\t\t\t<\/div>\n\t\t\t\t\t\t\t<\/div>\n\t\t\t\t<\/div>\n\t\t\t\t<\/div>\n\t\t\t\t\t<\/div>\n\t\t<\/div>\n\t\t\t\t\t\t\t<\/div>\n\t\t<\/section>\n\t\t\t\t<section class=\"elementor-section elementor-top-section elementor-element elementor-element-e77d211 elementor-section-full_width elementor-section-height-default elementor-section-height-default\" data-id=\"e77d211\" data-element_type=\"section\">\n\t\t\t\t\t\t<div class=\"elementor-container elementor-column-gap-default\">\n\t\t\t\t\t<div class=\"elementor-column elementor-col-100 elementor-top-column elementor-element elementor-element-1dd9481\" data-id=\"1dd9481\" data-element_type=\"column\">\n\t\t\t<div class=\"elementor-widget-wrap elementor-element-populated\">\n\t\t\t\t\t\t\t\t<div class=\"elementor-element elementor-element-c0c0207 elementor-widget elementor-widget-heading\" data-id=\"c0c0207\" data-element_type=\"widget\" data-widget_type=\"heading.default\">\n\t\t\t\t<div class=\"elementor-widget-container\">\n\t\t\t<h2 class=\"elementor-heading-title elementor-size-default\">III. Gazd\u00e1lkod\u00e1si adatok<\/h2>\t\t<\/div>\n\t\t\t\t<\/div>\n\t\t\t\t<div class=\"elementor-element elementor-element-a555e0f elementor-widget elementor-widget-ova_list_icon\" data-id=\"a555e0f\" data-element_type=\"widget\" data-widget_type=\"ova_list_icon.default\">\n\t\t\t\t<div class=\"elementor-widget-container\">\n\t\t\t\t\t\n\t\t\t\t\t<div class=\"ova-list-icon\" >\n\t\t\t\t\t\t\t\t\t<div class=\"v3\">\n\t\t\t\t\t\t\t\t\t\t\t\t\t<a href=\"https:\/\/mhsa.hu\/wp-content\/uploads\/2023\/12\/mhsa-bemutatkozo.pdf\" class=\"elementor-repeater-item-482d2eb\">\n\t\t\t\t\t\t\t\t<i class=\"fa-file-pdf-o \"><\/i>\n\t\t\t\t\t\t\t\tPDF 2\t\t\t\t\t\t\t<\/a>\n\t\t\t\t\t\t\t\t\t\t\t\t\t<a href=\"https:\/\/mhsa.hu\/wp-content\/uploads\/2023\/12\/mhsa-bemutatkozo.pdf\" class=\"elementor-repeater-item-2ecdb39\">\n\t\t\t\t\t\t\t\t<i class=\"fa-file-pdf-o \"><\/i>\n\t\t\t\t\t\t\t\tPDF 2\t\t\t\t\t\t\t<\/a>\n\t\t\t\t\t\t\t\t\t\t\t\t\t<a href=\"https:\/\/mhsa.hu\/wp-content\/uploads\/2023\/12\/mhsa-bemutatkozo.pdf\" class=\"elementor-repeater-item-168acbf\">\n\t\t\t\t\t\t\t\t<i class=\"fa-file-pdf-o \"><\/i>\n\t\t\t\t\t\t\t\tPDF 2\t\t\t\t\t\t\t<\/a>\n\t\t\t\t\t\t\t\t\t\t\t\t\t<a href=\"https:\/\/mhsa.hu\/wp-content\/uploads\/2023\/12\/mhsa-bemutatkozo.pdf\" class=\"elementor-repeater-item-6294307\">\n\t\t\t\t\t\t\t\t<i class=\"fa-file-pdf-o \"><\/i>\n\t\t\t\t\t\t\t\tPDF 2\t\t\t\t\t\t\t<\/a>\n\t\t\t\t\t\t\t\t\t\t\t<\/div>\n\t\t\t\t\t\t\t<\/div>\n\t\t\t\t<\/div>\n\t\t\t\t<\/div>\n\t\t\t\t\t<\/div>\n\t\t<\/div>\n\t\t\t\t\t\t\t<\/div>\n\t\t<\/section>\n\t\t\t\t<section class=\"elementor-section elementor-top-section elementor-element elementor-element-6bcc62d elementor-section-full_width elementor-section-height-default elementor-section-height-default\" data-id=\"6bcc62d\" data-element_type=\"section\">\n\t\t\t\t\t\t<div class=\"elementor-container elementor-column-gap-default\">\n\t\t\t\t\t<div class=\"elementor-column elementor-col-100 elementor-top-column elementor-element elementor-element-8263ac9\" data-id=\"8263ac9\" data-element_type=\"column\">\n\t\t\t<div class=\"elementor-widget-wrap elementor-element-populated\">\n\t\t\t\t\t\t\t\t<div class=\"elementor-element elementor-element-d6018a7 elementor-widget elementor-widget-heading\" data-id=\"d6018a7\" data-element_type=\"widget\" data-widget_type=\"heading.default\">\n\t\t\t\t<div class=\"elementor-widget-container\">\n\t\t\t<h2 class=\"elementor-heading-title elementor-size-default\">IV. Archiv dokumentumok<\/h2>\t\t<\/div>\n\t\t\t\t<\/div>\n\t\t\t\t<div class=\"elementor-element elementor-element-e890197 elementor-widget elementor-widget-ova_list_icon\" data-id=\"e890197\" data-element_type=\"widget\" data-widget_type=\"ova_list_icon.default\">\n\t\t\t\t<div class=\"elementor-widget-container\">\n\t\t\t\t\t\n\t\t\t\t\t<div class=\"ova-list-icon\" >\n\t\t\t\t\t\t\t\t\t<div class=\"v3\">\n\t\t\t\t\t\t\t\t\t\t\t\t\t<a href=\"https:\/\/mhsa.hu\/wp-content\/uploads\/2023\/12\/mhsa-bemutatkozo.pdf\" class=\"elementor-repeater-item-482d2eb\">\n\t\t\t\t\t\t\t\t<i class=\"fa-file-pdf-o \"><\/i>\n\t\t\t\t\t\t\t\tPDF 2\t\t\t\t\t\t\t<\/a>\n\t\t\t\t\t\t\t\t\t\t\t\t\t<a href=\"https:\/\/mhsa.hu\/wp-content\/uploads\/2023\/12\/mhsa-bemutatkozo.pdf\" class=\"elementor-repeater-item-2ecdb39\">\n\t\t\t\t\t\t\t\t<i class=\"fa-file-pdf-o \"><\/i>\n\t\t\t\t\t\t\t\tPDF 2\t\t\t\t\t\t\t<\/a>\n\t\t\t\t\t\t\t\t\t\t\t\t\t<a href=\"https:\/\/mhsa.hu\/wp-content\/uploads\/2023\/12\/mhsa-bemutatkozo.pdf\" class=\"elementor-repeater-item-b59785b\">\n\t\t\t\t\t\t\t\t<i class=\"fa-file-pdf-o \"><\/i>\n\t\t\t\t\t\t\t\tPDF 2\t\t\t\t\t\t\t<\/a>\n\t\t\t\t\t\t\t\t\t\t\t\t\t<a href=\"https:\/\/mhsa.hu\/wp-content\/uploads\/2023\/12\/mhsa-bemutatkozo.pdf\" class=\"elementor-repeater-item-f39e591\">\n\t\t\t\t\t\t\t\t<i class=\"fa-file-pdf-o \"><\/i>\n\t\t\t\t\t\t\t\tPDF 2\t\t\t\t\t\t\t<\/a>\n\t\t\t\t\t\t\t\t\t\t\t<\/div>\n\t\t\t\t\t\t\t<\/div>\n\t\t\t\t<\/div>\n\t\t\t\t<\/div>\n\t\t\t\t\t<\/div>\n\t\t<\/div>\n\t\t\t\t\t\t\t<\/div>\n\t\t<\/section>\n\t\t\t\t\t\t\t<\/div>\n\t\t","protected":false},"excerpt":{"rendered":"<p>I. Szervezeti, szem\u00e9lyzeti adatok PDF 2 PDF 2 II. Tev\u00e9kenys\u00e9gre, m\u0171k\u00f6d\u00e9sre vonatkoz\u00f3 adatok PDF 2 PDF 2 III. Gazd\u00e1lkod\u00e1si adatok PDF 2 PDF 2 PDF 2 PDF 2 IV. Archiv dokumentumok PDF 2 PDF 2 PDF 2 PDF 2<\/p>\n","protected":false},"author":1,"featured_media":0,"parent":0,"menu_order":0,"comment_status":"closed","ping_status":"closed","template":"","meta":{"footnotes":""},"class_list":["post-253","page","type-page","status-publish","hentry"],"_links":{"self":[{"href":"https:\/\/mhsa.hu\/index.php?rest_route=\/wp\/v2\/pages\/253","targetHints":{"allow":["GET"]}}],"collection":[{"href":"https:\/\/mhsa.hu\/index.php?rest_route=\/wp\/v2\/pages"}],"about":[{"href":"https:\/\/mhsa.hu\/index.php?rest_route=\/wp\/v2\/types\/page"}],"author":[{"embeddable":true,"href":"https:\/\/mhsa.hu\/index.php?rest_route=\/wp\/v2\/users\/1"}],"replies":[{"embeddable":true,"href":"https:\/\/mhsa.hu\/index.php?rest_route=%2Fwp%2Fv2%2Fcomments&post=253"}],"version-history":[{"count":17,"href":"https:\/\/mhsa.hu\/index.php?rest_route=\/wp\/v2\/pages\/253\/revisions"}],"predecessor-version":[{"id":481,"href":"https:\/\/mhsa.hu\/index.php?rest_route=\/wp\/v2\/pages\/253\/revisions\/481"}],"wp:attachment":[{"href":"https:\/\/mhsa.hu\/index.php?rest_route=%2Fwp%2Fv2%2Fmedia&parent=253"}],"curies":[{"name":"wp","href":"https:\/\/api.w.org\/{rel}","templated":true}]}}