{"id":60,"date":"2023-12-15T14:15:02","date_gmt":"2023-12-15T14:15:02","guid":{"rendered":"https:\/\/humanitarius.dev.weborigo.eu\/?page_id=60"},"modified":"2024-10-03T12:04:31","modified_gmt":"2024-10-03T12:04:31","slug":"ado-1","status":"publish","type":"page","link":"https:\/\/mhsa.hu\/?page_id=60","title":{"rendered":"Ad\u00f3 1%"},"content":{"rendered":"\t\t<div data-elementor-type=\"wp-page\" data-elementor-id=\"60\" class=\"elementor elementor-60\">\n\t\t\t\t\t\t\t\t\t<section class=\"elementor-section elementor-top-section elementor-element elementor-element-ea58bf2 elementor-section-full_width elementor-section-stretched elementor-section-height-default elementor-section-height-default\" data-id=\"ea58bf2\" data-element_type=\"section\" data-settings=\"{&quot;stretch_section&quot;:&quot;section-stretched&quot;}\">\n\t\t\t\t\t\t<div class=\"elementor-container elementor-column-gap-no\">\n\t\t\t\t\t<div class=\"elementor-column elementor-col-100 elementor-top-column elementor-element elementor-element-7789ca3\" data-id=\"7789ca3\" data-element_type=\"column\">\n\t\t\t<div class=\"elementor-widget-wrap elementor-element-populated\">\n\t\t\t\t\t\t\t\t<div class=\"elementor-element elementor-element-08cf44d elementor--h-position-center elementor--v-position-middle elementor-arrows-position-inside elementor-pagination-position-inside elementor-widget elementor-widget-slides\" data-id=\"08cf44d\" data-element_type=\"widget\" data-settings=\"{&quot;navigation&quot;:&quot;both&quot;,&quot;autoplay&quot;:&quot;yes&quot;,&quot;pause_on_hover&quot;:&quot;yes&quot;,&quot;pause_on_interaction&quot;:&quot;yes&quot;,&quot;autoplay_speed&quot;:5000,&quot;infinite&quot;:&quot;yes&quot;,&quot;transition&quot;:&quot;slide&quot;,&quot;transition_speed&quot;:500}\" data-widget_type=\"slides.default\">\n\t\t\t\t<div class=\"elementor-widget-container\">\n\t\t\t<style>\/*! elementor-pro - v3.10.2 - 17-01-2023 *\/\n.elementor-slides .swiper-slide-bg{background-size:cover;background-position:50%;background-repeat:no-repeat;min-width:100%;min-height:100%}.elementor-slides .swiper-slide-inner{background-repeat:no-repeat;background-position:50%;position:absolute;top:0;left:0;bottom:0;right:0;padding:50px;margin:auto}.elementor-slides .swiper-slide-inner,.elementor-slides .swiper-slide-inner:hover{color:#fff;display:flex}.elementor-slides .swiper-slide-inner .elementor-background-overlay{position:absolute;z-index:0;top:0;bottom:0;left:0;right:0}.elementor-slides .swiper-slide-inner .elementor-slide-content{position:relative;z-index:1;width:100%}.elementor-slides .swiper-slide-inner .elementor-slide-heading{font-size:35px;font-weight:700;line-height:1}.elementor-slides .swiper-slide-inner .elementor-slide-description{font-size:17px;line-height:1.4}.elementor-slides .swiper-slide-inner .elementor-slide-description:not(:last-child),.elementor-slides .swiper-slide-inner .elementor-slide-heading:not(:last-child){margin-bottom:30px}.elementor-slides .swiper-slide-inner .elementor-slide-button{border:2px solid #fff;color:#fff;background:transparent;display:inline-block}.elementor-slides .swiper-slide-inner .elementor-slide-button,.elementor-slides .swiper-slide-inner .elementor-slide-button:hover{background:transparent;color:inherit;text-decoration:none}.elementor--v-position-top .swiper-slide-inner{align-items:flex-start}.elementor--v-position-bottom .swiper-slide-inner{align-items:flex-end}.elementor--v-position-middle .swiper-slide-inner{align-items:center}.elementor--h-position-left .swiper-slide-inner{justify-content:flex-start}.elementor--h-position-right .swiper-slide-inner{justify-content:flex-end}.elementor--h-position-center .swiper-slide-inner{justify-content:center}body.rtl .elementor-widget-slides .elementor-swiper-button-next{left:10px;right:auto}body.rtl .elementor-widget-slides .elementor-swiper-button-prev{right:10px;left:auto}.elementor-slides-wrapper div:not(.swiper-slide)>.swiper-slide-inner{display:none}@media (max-width:767px){.elementor-slides .swiper-slide-inner{padding:30px}.elementor-slides .swiper-slide-inner .elementor-slide-heading{font-size:23px;line-height:1;margin-bottom:15px}.elementor-slides .swiper-slide-inner .elementor-slide-description{font-size:13px;line-height:1.4;margin-bottom:15px}}<\/style>\t\t<div class=\"elementor-swiper\">\n\t\t\t<div class=\"elementor-slides-wrapper elementor-main-swiper swiper-container\" dir=\"ltr\" data-animation=\"fadeInUp\">\n\t\t\t\t<div class=\"swiper-wrapper elementor-slides\">\n\t\t\t\t\t\t\t\t\t\t<div class=\"elementor-repeater-item-4d1307e swiper-slide\"><div class=\"swiper-slide-bg\"><\/div><div class=\"swiper-slide-inner\" ><div class=\"swiper-slide-contents\"><div class=\"elementor-slide-heading\">Ad\u00f3 1% felaj\u00e1nl\u00e1sa<\/div><\/div><\/div><\/div>\t\t\t\t<\/div>\n\t\t\t\t\t\t\t<\/div>\n\t\t<\/div>\n\t\t\t\t<\/div>\n\t\t\t\t<\/div>\n\t\t\t\t\t<\/div>\n\t\t<\/div>\n\t\t\t\t\t\t\t<\/div>\n\t\t<\/section>\n\t\t\t\t<section class=\"elementor-section elementor-top-section elementor-element elementor-element-23db5ff elementor-section-full_width elementor-section-height-default elementor-section-height-default\" data-id=\"23db5ff\" data-element_type=\"section\">\n\t\t\t\t\t\t<div class=\"elementor-container elementor-column-gap-default\">\n\t\t\t\t\t<div class=\"elementor-column elementor-col-100 elementor-top-column elementor-element elementor-element-79d7675\" data-id=\"79d7675\" data-element_type=\"column\">\n\t\t\t<div class=\"elementor-widget-wrap elementor-element-populated\">\n\t\t\t\t\t\t\t\t<div class=\"elementor-element elementor-element-ce44a95 elementor-widget elementor-widget-ova_heading\" data-id=\"ce44a95\" data-element_type=\"widget\" data-widget_type=\"ova_heading.default\">\n\t\t\t\t<div class=\"elementor-widget-container\">\n\t\t\t\t\t<div class=\"ova-heading\">\n\n\t\t\t\t\t\t\t<h4 class=\"sub_title thrid_font\">Egy es\u00e9lyt mindenki \u00e9rdemel<\/h4>\n\t\t\t\t\t\t\n\t\t\t\t\t\t\t<h2 class=\"title second_font\">Aj\u00e1nja fel szervezet\u00fcnknek ad\u00f3ja 1%-\u00e1t<\/h2>\n\t\t\t\n\t\t\t\t\t\t\t<p class=\"desc\">Ad\u00f3 1 sz\u00e1zal\u00e9k felaj\u00e1nl\u00e1s:\nMagyarorsz\u00e1gi mag\u00e1nszem\u00e9lyk\u00e9nt 2024-ben is felaj\u00e1nlhatod ad\u00f3d 1 sz\u00e1zal\u00e9k\u00e1t civil szervezeteknek \u00e9s vall\u00e1si k\u00f6z\u00f6ss\u00e9geknek. Ezt a lehet\u0151s\u00e9get biztos\u00edtja az ad\u00f3 t\u00f6rv\u00e9ny. Ezen a weboldalon r\u00e9szletesen bemutatjuk, hogy hogyan m\u0171k\u00f6dik ez a rendszer \u2013 az ad\u00f3 1 sz\u00e1zal\u00e9k felaj\u00e1nl\u00e1s!\n\nA Magyarorsz\u00e1gon \u00e9l\u0151k egyre t\u00f6bbsz\u00f6r adnak 1%-ot az ad\u00f3jukb\u00f3l karitat\u00edv c\u00e9lokra, hiszen ezzel is hozz\u00e1j\u00e1rulhatnak ahhoz, hogy a r\u00e1szorul\u00f3k jobb \u00e9letet \u00e9ljenek. 2024-ben is v\u00e1rhat\u00f3an sokan fogj\u00e1k felaj\u00e1nlani az 1%-ot, \u00e9s ebben seg\u00edthetnek az al\u00e1bbi inform\u00e1ci\u00f3k:\n\nK\u00e9tf\u00e9le lehet\u0151s\u00e9ged van, melyek k\u00f6z\u00fcl nem kell v\u00e1lasztanod \u2013 mindkett\u0151t megteheted:\n\nAz els\u0151 1% civil szervezeteknek mehet, itt a szervezet ad\u00f3sz\u00e1m\u00e1t kell megjel\u00f6lni az 1% nyomtatv\u00e1nyon. \nA m\u00e1sik +1% felaj\u00e1nl\u00e1s eset\u00e9ben a technikai sz\u00e1mot kell megadni. Itt vall\u00e1si k\u00f6z\u00f6ss\u00e9gnek vagy a kiemelt k\u00f6lts\u00e9gvet\u00e9si el\u0151ir\u00e1nyzatnak adhatjuk adom\u00e1nyunkat. <\/p>\n\t\t\t\n\t\t<\/div>\n\t\t\t\t<\/div>\n\t\t\t\t<\/div>\n\t\t\t\t<div class=\"elementor-element elementor-element-7b6f35e elementor-widget elementor-widget-text-editor\" data-id=\"7b6f35e\" data-element_type=\"widget\" data-widget_type=\"text-editor.default\">\n\t\t\t\t<div class=\"elementor-widget-container\">\n\t\t\t<style>\/*! elementor - v3.10.1 - 17-01-2023 *\/\n.elementor-widget-text-editor.elementor-drop-cap-view-stacked .elementor-drop-cap{background-color:#818a91;color:#fff}.elementor-widget-text-editor.elementor-drop-cap-view-framed .elementor-drop-cap{color:#818a91;border:3px solid;background-color:transparent}.elementor-widget-text-editor:not(.elementor-drop-cap-view-default) .elementor-drop-cap{margin-top:8px}.elementor-widget-text-editor:not(.elementor-drop-cap-view-default) .elementor-drop-cap-letter{width:1em;height:1em}.elementor-widget-text-editor .elementor-drop-cap{float:left;text-align:center;line-height:1;font-size:50px}.elementor-widget-text-editor .elementor-drop-cap-letter{display:inline-block}<\/style>\t\t\t\t<h4>1. Elektronikus m\u00f3don:<\/h4><p align=\"justify\">Az \u00fcgyf\u00e9lkapun kereszt\u00fcl a legegyszer\u0171bb elektronikus \u00faton beny\u00fajtani err\u0151l a rendelkez\u00e9s\u00fcnket. Nek\u00fcnk csup\u00e1n a fent megjel\u00f6lt azonos\u00edt\u00f3kat kell ismern\u00fcnk. A NAV programja vizsg\u00e1lja, hogy a szervezet jogosult e a felaj\u00e1nl\u00e1sunkra. Amennyiben igen, \u00fagy a felaj\u00e1nl\u00e1sunk folyamat\u00e1t automatikusan tov\u00e1bb engedi \u2013 ha nem, akkor m\u00e1sik szervezetet kell v\u00e1lasztanunk.<\/p><ul><li style=\"list-style-type: none;\"><ul><li>az\u00a0<a title=\"23EGYSZA - Gyermekleuk\u00e9mia Alap\u00edtv\u00e1nynak\" href=\"https:\/\/ado-1-szazalek.hu\/wp-content\/uploads\/2024\/01\/23EGYSZA-Ado-1-szazalek-nyomtatvany-2023-GyermekLeukemia-Alapitvany.pdf\" target=\"_blank\" rel=\"noopener\">eszja.nav.gov.hu<\/a>\u00a0\u00a0online kit\u00f6ltve (<a title=\"Vide\u00f3s seg\u00e9d\u00e9dlet az Ad\u00f3 1% online felaj\u00e1nl\u00e1s\u00e1r\u00f3l - Nyilatkozat kit\u00f6lt\u00e9s\u00e9r\u0151l\" href=\"https:\/\/youtu.be\/eitm747EZsM\" target=\"_blank\" rel=\"noopener\">Vide\u00f3s seg\u00edts\u00e9get err\u0151l itt \u00e9red el<\/a>), vagy<\/li><li>az \u00c1NYK \u2013\u00a0<a href=\"https:\/\/nav.gov.hu\/nyomtatvanyok\/letoltesek\/nyomtatvanykitolto_programok\/nyomtatvany_apeh\/keretprogramok\/AbevJava\" target=\"_blank\" rel=\"noopener\">\u00c1ltal\u00e1nos Nyomtatv\u00e1nykit\u00f6lt\u0151 programban<\/a>\u00a0az SZJA bevall\u00e1ssal egy\u00fctt, annak EGYSZA lapj\u00e1t is kit\u00f6ltve vagy<\/li><li>k\u00fcl\u00f6n, a 23EGYSZA nyomtatv\u00e1ny kit\u00f6lt\u00e9s\u00e9vel is megtehetj\u00fck az online rendelkez\u00e9s\u00fcnket az 1+1% r\u00f3l.<\/li><\/ul><\/li><\/ul><h4>2. Pap\u00edr alapon:<\/h4><p align=\"justify\">A kit\u00f6lt\u00f6tt nyomtatv\u00e1ny beny\u00fajthat\u00f3<strong>\u00a0<\/strong><b>post\u00e1n kereszt\u00fcl<\/b>, vagy\u00a0<b>szem\u00e9lyesen is<\/b>.\u00a0 Amennyiben meghatalmazott \u00fatj\u00e1n szeretn\u00e9nk rendelkezni az 1% r\u00f3l , \u00fagy egy lez\u00e1rt bor\u00edt\u00e9kban a\u00a0<b>NAV \u00fcgyf\u00e9lszolg\u00e1latain<\/b>\u00a0megtehet\u0151 ez a verzi\u00f3 is (Ha a nyilatkozatokat eseti meghatalmazott ny\u00fajtja be, csatolni kell a meghatalmaz\u00e1st is.).<\/p><p align=\"justify\">Amennyiben a munk\u00e1ltat\u00f3 v\u00e1llalja a nyilatkozatok \u00f6sszegy\u0171jt\u00e9s\u00e9t \u00fagy legk\u00e9s\u0151bb\u00a0<b>m\u00e1jus 10-ig<\/b>\u00a0(de ink\u00e1bb kor\u00e1bban) juttassuk el a kit\u00f6lt\u00f6tt nyilatkozatunkat a r\u00e9sz\u00e9re. A\u00a0<b>pap\u00edr alapon \u00e9s bor\u00edt\u00e9kban leadott nyilatkozatok<\/b>\u00a0mindegyike\u00a0<b>eset\u00e9ben sz\u00fcks\u00e9ges krit\u00e9rium a bor\u00edt\u00e9k lez\u00e1rts\u00e1ga \u00e9s a leragaszt\u00e1s hely\u00e9n<\/b>\u00a0keresztbe\u00a0<b>legyen rajta a felaj\u00e1nl\u00f3 al\u00e1\u00edr\u00e1sa is!<\/b><\/p><p align=\"justify\"><b>Lehets\u00e9ges verzi\u00f3k:\u00a0<\/b><\/p><ul><li style=\"list-style-type: none;\"><ul><li>szem\u00e9lyij\u00f6vedelemad\u00f3 bevall\u00e1ssal, annak EGYSZA lapj\u00e1t kit\u00f6ltve,<\/li><li>az e-SZJA fel\u00fclet kit\u00f6lt\u0151programj\u00e1val k\u00e9sz\u00edtett \u00e9s kinyomtatott nyilatkozaton,<\/li><li>a\u00a0<a title=\"23EGYSZA - Gyermekleuk\u00e9mia Alap\u00edtv\u00e1nynak\" href=\"https:\/\/ado-1-szazalek.hu\/wp-content\/uploads\/2024\/01\/23EGYSZA-Ado-1-szazalek-nyomtatvany-2023-GyermekLeukemia-Alapitvany.pdf\" target=\"_blank\" rel=\"noopener\">eszja.nav.gov.hu<\/a>\u00a0jel\u0171 nyomtatv\u00e1nyon vagy azonos adatokkal a nyilatkozaton<\/li><\/ul><\/li><\/ul>\t\t\t\t\t\t<\/div>\n\t\t\t\t<\/div>\n\t\t\t\t\t<\/div>\n\t\t<\/div>\n\t\t\t\t\t\t\t<\/div>\n\t\t<\/section>\n\t\t\t\t\t\t\t<\/div>\n\t\t","protected":false},"excerpt":{"rendered":"<p>Ad\u00f3 1% felaj\u00e1nl\u00e1sa Egy es\u00e9lyt mindenki \u00e9rdemel Aj\u00e1nja fel szervezet\u00fcnknek ad\u00f3ja 1%-\u00e1t Ad\u00f3 1 sz\u00e1zal\u00e9k felaj\u00e1nl\u00e1s: Magyarorsz\u00e1gi mag\u00e1nszem\u00e9lyk\u00e9nt 2024-ben is felaj\u00e1nlhatod ad\u00f3d 1 sz\u00e1zal\u00e9k\u00e1t civil szervezeteknek \u00e9s vall\u00e1si k\u00f6z\u00f6ss\u00e9geknek. Ezt a lehet\u0151s\u00e9get biztos\u00edtja az ad\u00f3 t\u00f6rv\u00e9ny. Ezen a weboldalon r\u00e9szletesen bemutatjuk, hogy hogyan m\u0171k\u00f6dik ez a rendszer \u2013 az ad\u00f3 1 sz\u00e1zal\u00e9k felaj\u00e1nl\u00e1s! A Magyarorsz\u00e1gon [&hellip;]<\/p>\n","protected":false},"author":1,"featured_media":0,"parent":0,"menu_order":0,"comment_status":"closed","ping_status":"closed","template":"","meta":{"footnotes":""},"class_list":["post-60","page","type-page","status-publish","hentry"],"_links":{"self":[{"href":"https:\/\/mhsa.hu\/index.php?rest_route=\/wp\/v2\/pages\/60","targetHints":{"allow":["GET"]}}],"collection":[{"href":"https:\/\/mhsa.hu\/index.php?rest_route=\/wp\/v2\/pages"}],"about":[{"href":"https:\/\/mhsa.hu\/index.php?rest_route=\/wp\/v2\/types\/page"}],"author":[{"embeddable":true,"href":"https:\/\/mhsa.hu\/index.php?rest_route=\/wp\/v2\/users\/1"}],"replies":[{"embeddable":true,"href":"https:\/\/mhsa.hu\/index.php?rest_route=%2Fwp%2Fv2%2Fcomments&post=60"}],"version-history":[{"count":7,"href":"https:\/\/mhsa.hu\/index.php?rest_route=\/wp\/v2\/pages\/60\/revisions"}],"predecessor-version":[{"id":550,"href":"https:\/\/mhsa.hu\/index.php?rest_route=\/wp\/v2\/pages\/60\/revisions\/550"}],"wp:attachment":[{"href":"https:\/\/mhsa.hu\/index.php?rest_route=%2Fwp%2Fv2%2Fmedia&parent=60"}],"curies":[{"name":"wp","href":"https:\/\/api.w.org\/{rel}","templated":true}]}}