{"id":662,"date":"2023-12-15T14:16:10","date_gmt":"2023-12-15T14:16:10","guid":{"rendered":"https:\/\/mhsa.hu\/?page_id=662"},"modified":"2025-01-13T15:02:34","modified_gmt":"2025-01-13T15:02:34","slug":"mhsa","status":"publish","type":"page","link":"https:\/\/mhsa.hu\/?page_id=662&lang=en","title":{"rendered":"MHSA"},"content":{"rendered":"\t\t<div data-elementor-type=\"wp-page\" data-elementor-id=\"662\" class=\"elementor elementor-662 elementor-65\">\n\t\t\t\t\t\t\t\t\t<section class=\"elementor-section elementor-top-section elementor-element elementor-element-83f29d8 elementor-section-full_width elementor-section-stretched elementor-section-height-default elementor-section-height-default\" data-id=\"83f29d8\" data-element_type=\"section\" data-settings=\"{&quot;stretch_section&quot;:&quot;section-stretched&quot;}\">\n\t\t\t\t\t\t<div class=\"elementor-container elementor-column-gap-no\">\n\t\t\t\t\t<div class=\"elementor-column elementor-col-100 elementor-top-column elementor-element elementor-element-96bb9d3\" data-id=\"96bb9d3\" data-element_type=\"column\">\n\t\t\t<div class=\"elementor-widget-wrap elementor-element-populated\">\n\t\t\t\t\t\t\t\t<div class=\"elementor-element elementor-element-5ff8b9b elementor--h-position-center elementor--v-position-middle elementor-arrows-position-inside elementor-pagination-position-inside elementor-widget elementor-widget-slides\" data-id=\"5ff8b9b\" data-element_type=\"widget\" data-settings=\"{&quot;navigation&quot;:&quot;both&quot;,&quot;autoplay&quot;:&quot;yes&quot;,&quot;pause_on_hover&quot;:&quot;yes&quot;,&quot;pause_on_interaction&quot;:&quot;yes&quot;,&quot;autoplay_speed&quot;:5000,&quot;infinite&quot;:&quot;yes&quot;,&quot;transition&quot;:&quot;slide&quot;,&quot;transition_speed&quot;:500}\" data-widget_type=\"slides.default\">\n\t\t\t\t<div class=\"elementor-widget-container\">\n\t\t\t<style>\/*! elementor-pro - v3.10.2 - 17-01-2023 *\/\n.elementor-slides .swiper-slide-bg{background-size:cover;background-position:50%;background-repeat:no-repeat;min-width:100%;min-height:100%}.elementor-slides .swiper-slide-inner{background-repeat:no-repeat;background-position:50%;position:absolute;top:0;left:0;bottom:0;right:0;padding:50px;margin:auto}.elementor-slides .swiper-slide-inner,.elementor-slides .swiper-slide-inner:hover{color:#fff;display:flex}.elementor-slides .swiper-slide-inner .elementor-background-overlay{position:absolute;z-index:0;top:0;bottom:0;left:0;right:0}.elementor-slides .swiper-slide-inner .elementor-slide-content{position:relative;z-index:1;width:100%}.elementor-slides .swiper-slide-inner .elementor-slide-heading{font-size:35px;font-weight:700;line-height:1}.elementor-slides .swiper-slide-inner .elementor-slide-description{font-size:17px;line-height:1.4}.elementor-slides .swiper-slide-inner .elementor-slide-description:not(:last-child),.elementor-slides .swiper-slide-inner .elementor-slide-heading:not(:last-child){margin-bottom:30px}.elementor-slides .swiper-slide-inner .elementor-slide-button{border:2px solid #fff;color:#fff;background:transparent;display:inline-block}.elementor-slides .swiper-slide-inner .elementor-slide-button,.elementor-slides .swiper-slide-inner .elementor-slide-button:hover{background:transparent;color:inherit;text-decoration:none}.elementor--v-position-top .swiper-slide-inner{align-items:flex-start}.elementor--v-position-bottom .swiper-slide-inner{align-items:flex-end}.elementor--v-position-middle .swiper-slide-inner{align-items:center}.elementor--h-position-left .swiper-slide-inner{justify-content:flex-start}.elementor--h-position-right .swiper-slide-inner{justify-content:flex-end}.elementor--h-position-center .swiper-slide-inner{justify-content:center}body.rtl .elementor-widget-slides .elementor-swiper-button-next{left:10px;right:auto}body.rtl .elementor-widget-slides .elementor-swiper-button-prev{right:10px;left:auto}.elementor-slides-wrapper div:not(.swiper-slide)>.swiper-slide-inner{display:none}@media (max-width:767px){.elementor-slides .swiper-slide-inner{padding:30px}.elementor-slides .swiper-slide-inner .elementor-slide-heading{font-size:23px;line-height:1;margin-bottom:15px}.elementor-slides .swiper-slide-inner .elementor-slide-description{font-size:13px;line-height:1.4;margin-bottom:15px}}<\/style>\t\t<div class=\"elementor-swiper\">\n\t\t\t<div class=\"elementor-slides-wrapper elementor-main-swiper swiper-container\" dir=\"ltr\" data-animation=\"fadeInUp\">\n\t\t\t\t<div class=\"swiper-wrapper elementor-slides\">\n\t\t\t\t\t\t\t\t\t\t<div class=\"elementor-repeater-item-02f81f5 swiper-slide\"><div class=\"swiper-slide-bg\"><\/div><div class=\"elementor-background-overlay\"><\/div><div class=\"swiper-slide-inner\" ><div class=\"swiper-slide-contents\"><div class=\"elementor-slide-heading\">About MHSA<\/div><\/div><\/div><\/div>\t\t\t\t<\/div>\n\t\t\t\t\t\t\t<\/div>\n\t\t<\/div>\n\t\t\t\t<\/div>\n\t\t\t\t<\/div>\n\t\t\t\t\t<\/div>\n\t\t<\/div>\n\t\t\t\t\t\t\t<\/div>\n\t\t<\/section>\n\t\t\t\t<section class=\"elementor-section elementor-top-section elementor-element elementor-element-0beed11 elementor-section-stretched elementor-section-boxed elementor-section-height-default elementor-section-height-default\" data-id=\"0beed11\" data-element_type=\"section\" data-settings=\"{&quot;stretch_section&quot;:&quot;section-stretched&quot;}\">\n\t\t\t\t\t\t<div class=\"elementor-container elementor-column-gap-narrow\">\n\t\t\t\t\t<div class=\"elementor-column elementor-col-50 elementor-top-column elementor-element elementor-element-c60d9fa\" data-id=\"c60d9fa\" data-element_type=\"column\">\n\t\t\t<div class=\"elementor-widget-wrap elementor-element-populated\">\n\t\t\t\t\t\t\t\t<div class=\"elementor-element elementor-element-e8f26a5 elementor-widget elementor-widget-ova_heading\" data-id=\"e8f26a5\" data-element_type=\"widget\" data-widget_type=\"ova_heading.default\">\n\t\t\t\t<div class=\"elementor-widget-container\">\n\t\t\t\t\t<div class=\"ova-heading\">\n\n\t\t\t\t\t\t\t<h4 class=\"sub_title thrid_font\">Egy es\u00e9ly mindenkinek j\u00e1r<\/h4>\n\t\t\t\t\t\t\n\t\t\t\t\t\t\t<h2 class=\"title second_font\">K\u00fcldet\u00e9s\u00fcnk<\/h2>\n\t\t\t\n\t\t\t\t\t\t\t<p class=\"desc\">A Seg\u00e9lyszervezet k\u00fcldet\u00e9s\u00e9nek tartja, hogy gyors \u00e9s hat\u00e9kony seg\u00edts\u00e9get ny\u00fajtson a humanit\u00e1rius v\u00e1ls\u00e1gok \u00e9s az er\u0151szakos vall\u00e1si intolerancia \u00e1ldozatainak. A Seg\u00e9lyszervezet \u00e1ltal finansz\u00edrozott humanit\u00e1rius tev\u00e9kenys\u00e9gek \u2013 az Emberi Jogok Egyetemes Nyilatkozat\u00e1val\n\u00f6sszhangban \u2013 a helyi k\u00f6z\u00f6ss\u00e9g minden tagj\u00e1t t\u00e1mogatj\u00e1k: faji, etnikai,\nb\u0151rsz\u00edn szerinti, nemi \u00e9s nyelvi megk\u00fcl\u00f6nb\u00f6ztet\u00e9s n\u00e9lk\u00fcl, vall\u00e1si vagy\nhitb\u00e9li meggy\u0151z\u0151d\u00e9st\u0151l, politikai vagy m\u00e1s n\u00e9zett\u0151l, valamint egy\u00e9b\nst\u00e1tuszt\u00f3l f\u00fcggetlen\u00fcl.<\/p>\n\t\t\t\n\t\t<\/div>\n\t\t\t\t<\/div>\n\t\t\t\t<\/div>\n\t\t\t\t\t<\/div>\n\t\t<\/div>\n\t\t\t\t<div class=\"elementor-column elementor-col-50 elementor-top-column elementor-element elementor-element-8307c96\" data-id=\"8307c96\" data-element_type=\"column\">\n\t\t\t<div class=\"elementor-widget-wrap elementor-element-populated\">\n\t\t\t\t\t\t\t\t<div class=\"elementor-element elementor-element-bc8cabd elementor-widget elementor-widget-image\" data-id=\"bc8cabd\" data-element_type=\"widget\" data-widget_type=\"image.default\">\n\t\t\t\t<div class=\"elementor-widget-container\">\n\t\t\t<style>\/*! elementor - v3.10.1 - 17-01-2023 *\/\n.elementor-widget-image{text-align:center}.elementor-widget-image a{display:inline-block}.elementor-widget-image a img[src$=\".svg\"]{width:48px}.elementor-widget-image img{vertical-align:middle;display:inline-block}<\/style>\t\t\t\t\t\t\t\t\t\t\t\t<img loading=\"lazy\" decoding=\"async\" width=\"897\" height=\"708\" src=\"https:\/\/mhsa.hu\/wp-content\/uploads\/2023\/12\/kep_2023-12-18_115900378.png\" class=\"attachment-large size-large wp-image-105\" alt=\"\" srcset=\"https:\/\/mhsa.hu\/wp-content\/uploads\/2023\/12\/kep_2023-12-18_115900378.png 897w, https:\/\/mhsa.hu\/wp-content\/uploads\/2023\/12\/kep_2023-12-18_115900378-300x237.png 300w, https:\/\/mhsa.hu\/wp-content\/uploads\/2023\/12\/kep_2023-12-18_115900378-768x606.png 768w, https:\/\/mhsa.hu\/wp-content\/uploads\/2023\/12\/kep_2023-12-18_115900378-600x474.png 600w\" sizes=\"auto, (max-width: 897px) 100vw, 897px\" \/>\t\t\t\t\t\t\t\t\t\t\t\t\t\t\t<\/div>\n\t\t\t\t<\/div>\n\t\t\t\t\t<\/div>\n\t\t<\/div>\n\t\t\t\t\t\t\t<\/div>\n\t\t<\/section>\n\t\t\t\t<section class=\"elementor-section elementor-top-section elementor-element elementor-element-09257d9 elementor-section-content-middle elementor-section-stretched elementor-section-boxed elementor-section-height-default elementor-section-height-default\" data-id=\"09257d9\" data-element_type=\"section\" data-settings=\"{&quot;stretch_section&quot;:&quot;section-stretched&quot;}\">\n\t\t\t\t\t\t<div class=\"elementor-container elementor-column-gap-narrow\">\n\t\t\t\t\t<div class=\"elementor-column elementor-col-50 elementor-top-column elementor-element elementor-element-1afafcd\" data-id=\"1afafcd\" data-element_type=\"column\">\n\t\t\t<div class=\"elementor-widget-wrap elementor-element-populated\">\n\t\t\t\t\t\t\t\t<div class=\"elementor-element elementor-element-d62e112 elementor-widget elementor-widget-image\" data-id=\"d62e112\" data-element_type=\"widget\" data-widget_type=\"image.default\">\n\t\t\t\t<div class=\"elementor-widget-container\">\n\t\t\t\t\t\t\t\t\t\t\t\t\t\t\t<img loading=\"lazy\" decoding=\"async\" width=\"790\" height=\"507\" src=\"https:\/\/mhsa.hu\/wp-content\/uploads\/2024\/06\/kep_2024-06-06_113836205.png\" class=\"attachment-large size-large wp-image-200\" alt=\"\" srcset=\"https:\/\/mhsa.hu\/wp-content\/uploads\/2024\/06\/kep_2024-06-06_113836205.png 790w, https:\/\/mhsa.hu\/wp-content\/uploads\/2024\/06\/kep_2024-06-06_113836205-300x193.png 300w, https:\/\/mhsa.hu\/wp-content\/uploads\/2024\/06\/kep_2024-06-06_113836205-768x493.png 768w, https:\/\/mhsa.hu\/wp-content\/uploads\/2024\/06\/kep_2024-06-06_113836205-600x385.png 600w\" sizes=\"auto, (max-width: 790px) 100vw, 790px\" \/>\t\t\t\t\t\t\t\t\t\t\t\t\t\t\t<\/div>\n\t\t\t\t<\/div>\n\t\t\t\t\t<\/div>\n\t\t<\/div>\n\t\t\t\t<div class=\"elementor-column elementor-col-50 elementor-top-column elementor-element elementor-element-2c3952b\" data-id=\"2c3952b\" data-element_type=\"column\">\n\t\t\t<div class=\"elementor-widget-wrap elementor-element-populated\">\n\t\t\t\t\t\t\t\t<div class=\"elementor-element elementor-element-5ec9b4f elementor-widget elementor-widget-ova_heading\" data-id=\"5ec9b4f\" data-element_type=\"widget\" data-widget_type=\"ova_heading.default\">\n\t\t\t\t<div class=\"elementor-widget-container\">\n\t\t\t\t\t<div class=\"ova-heading\">\n\n\t\t\t\t\t\t\n\t\t\t\t\t\t\t<h2 class=\"title second_font\">Hol vagyunk jelen?<\/h2>\n\t\t\t\n\t\t\t\t\t\t\t<p class=\"desc\">A Seg\u00e9lyszervezet t\u00f6bbek k\u00f6z\u00f6tt Irakban, Sz\u00edri\u00e1ban, Jord\u00e1ni\u00e1ban,\nLibanonban, Izraelben \u00e9s Palesztin\u00e1ban, Bangladesben, Nig\u00e9ri\u00e1ban,\nMaliban, Gh\u00e1n\u00e1ban, Eti\u00f3pi\u00e1ban, a Kong\u00f3i Demokratikus\nK\u00f6zt\u00e1rsas\u00e1gban, D\u00e9l-Afrik\u00e1ban, Tanz\u00e1ni\u00e1ban, Mozambikban, Sri\nLank\u00e1n, a F\u00fcl\u00f6p Szigeteken, Pakiszt\u00e1nban, Alb\u00e1ni\u00e1ban, Ukrajn\u00e1ban\n\u00e9s Libanonban\nny\u00fajt humanit\u00e1rius seg\u00edts\u00e9get term\u00e9szeti \u00e9s civiliz\u00e1ci\u00f3s eredet\u0171\nkatasztr\u00f3f\u00e1k eset\u00e9n. <\/p>\n\t\t\t\n\t\t<\/div>\n\t\t\t\t<\/div>\n\t\t\t\t<\/div>\n\t\t\t\t\t<\/div>\n\t\t<\/div>\n\t\t\t\t\t\t\t<\/div>\n\t\t<\/section>\n\t\t\t\t<section class=\"elementor-section elementor-top-section elementor-element elementor-element-b2defea elementor-section-stretched elementor-section-boxed elementor-section-height-default elementor-section-height-default\" data-id=\"b2defea\" data-element_type=\"section\" data-settings=\"{&quot;stretch_section&quot;:&quot;section-stretched&quot;}\">\n\t\t\t\t\t\t<div class=\"elementor-container elementor-column-gap-default\">\n\t\t\t\t\t<div class=\"elementor-column elementor-col-100 elementor-top-column elementor-element elementor-element-08e4423\" data-id=\"08e4423\" data-element_type=\"column\">\n\t\t\t<div class=\"elementor-widget-wrap elementor-element-populated\">\n\t\t\t\t\t\t\t\t<div class=\"elementor-element elementor-element-7e05bfe elementor-widget elementor-widget-ova_heading\" data-id=\"7e05bfe\" data-element_type=\"widget\" data-widget_type=\"ova_heading.default\">\n\t\t\t\t<div class=\"elementor-widget-container\">\n\t\t\t\t\t<div class=\"ova-heading\">\n\n\t\t\t\t\t\t\n\t\t\t\t\t\t\t<h2 class=\"title second_font\">Az Alap\u00edtv\u00e1ny \u00e1ltal koordin\u00e1lt projektek t\u00edpusai:<\/h2>\n\t\t\t\n\t\t\t\n\t\t<\/div>\n\t\t\t\t<\/div>\n\t\t\t\t<\/div>\n\t\t\t\t<div class=\"elementor-element elementor-element-ba106b9 elementor-widget-mobile__width-auto elementor-widget elementor-widget-ova_list_icon\" data-id=\"ba106b9\" data-element_type=\"widget\" data-widget_type=\"ova_list_icon.default\">\n\t\t\t\t<div class=\"elementor-widget-container\">\n\t\t\t\t\t\n\t\t\t\t\t<div class=\"ova-list-icon\" >\n\t\t\t\t\t\t\t\t\t<ul class=\"v1\">\n\t\t\t\t\t\t\t\t\t\t\t\t\t<li class=\"elementor-repeater-item-cfc6061\">\n\t\t\t\t\t\t\t\t<span class=\"icon-confirmation\"><\/span>\n\t\t\t\t\t\t\t\tV\u00e9szhelyzeti reakci\u00f3k\t\t\t\t\t\t\t<\/li>\n\t\t\t\t\t\t\t\t\t\t\t\t\t<li class=\"elementor-repeater-item-da30df5\">\n\t\t\t\t\t\t\t\t<span class=\"icon-confirmation\"><\/span>\n\t\t\t\t\t\t\t\t\u00dajj\u00e1\u00e9p\u00edt\u00e9si \u00e9s fel\u00faj\u00edt\u00e1si seg\u00e9lyez\u00e9s\t\t\t\t\t\t\t<\/li>\n\t\t\t\t\t\t\t\t\t\t\t\t\t<li class=\"elementor-repeater-item-86a62d2\">\n\t\t\t\t\t\t\t\t<span class=\"icon-confirmation\"><\/span>\n\t\t\t\t\t\t\t\tAdom\u00e1nygy\u0171jt\u00e9s \u00e9s kapcsol\u00f3d\u00f3 logisztikai feladatok\t\t\t\t\t\t\t<\/li>\n\t\t\t\t\t\t\t\t\t\t\t\t\t<li class=\"elementor-repeater-item-7a9b686\">\n\t\t\t\t\t\t\t\t<span class=\"icon-confirmation\"><\/span>\n\t\t\t\t\t\t\t\t Szakemberek biztos\u00edt\u00e1sa \u00e9s egy\u00e9b technikai seg\u00edts\u00e9gny\u00fajt\u00e1s\t\t\t\t\t\t\t<\/li>\n\t\t\t\t\t\t\t\t\t\t\t\t\t<li class=\"elementor-repeater-item-25a47d0\">\n\t\t\t\t\t\t\t\t<span class=\"icon-confirmation\"><\/span>\n\t\t\t\t\t\t\t\tOktat\u00e1s, ment\u00e1lhigi\u00e9n\u00e9\t\t\t\t\t\t\t<\/li>\n\t\t\t\t\t\t\t\t\t\t\t\t\t<li class=\"elementor-repeater-item-ec172c8\">\n\t\t\t\t\t\t\t\t<span class=\"icon-confirmation\"><\/span>\n\t\t\t\t\t\t\t\tEg\u00e9szs\u00e9g\u00fcgy\t\t\t\t\t\t\t<\/li>\n\t\t\t\t\t\t\t\t\t\t\t\t\t<li class=\"elementor-repeater-item-2f992fc\">\n\t\t\t\t\t\t\t\t<span class=\"icon-confirmation\"><\/span>\n\t\t\t\t\t\t\t\tA katasztr\u00f3f\u00e1k megel\u0151z\u00e9se, \u00e9s az azokra val\u00f3 felk\u00e9sz\u00fcl\u00e9s\t\t\t\t\t\t\t<\/li>\n\t\t\t\t\t\t\t\t\t\t\t\t\t<li class=\"elementor-repeater-item-58805d8\">\n\t\t\t\t\t\t\t\t<span class=\"icon-confirmation\"><\/span>\n\t\t\t\t\t\t\t\tFenntarthat\u00f3 fejl\u0151d\u00e9s t\u00e1mogat\u00e1sa\t\t\t\t\t\t\t<\/li>\n\t\t\t\t\t\t\t\t\t\t\t<\/ul>\n\t\t\t\t\t\t\t<\/div>\n\t\t\t\t<\/div>\n\t\t\t\t<\/div>\n\t\t\t\t\t<\/div>\n\t\t<\/div>\n\t\t\t\t\t\t\t<\/div>\n\t\t<\/section>\n\t\t\t\t<section class=\"elementor-section elementor-top-section elementor-element elementor-element-f96f656 elementor-section-stretched elementor-section-boxed elementor-section-height-default elementor-section-height-default\" data-id=\"f96f656\" data-element_type=\"section\" data-settings=\"{&quot;stretch_section&quot;:&quot;section-stretched&quot;}\">\n\t\t\t\t\t\t<div class=\"elementor-container elementor-column-gap-default\">\n\t\t\t\t\t<div class=\"elementor-column elementor-col-100 elementor-top-column elementor-element elementor-element-2ceb396\" data-id=\"2ceb396\" data-element_type=\"column\">\n\t\t\t<div class=\"elementor-widget-wrap elementor-element-populated\">\n\t\t\t\t\t\t\t\t<div class=\"elementor-element elementor-element-845d8e8 elementor-widget elementor-widget-ova_heading\" data-id=\"845d8e8\" data-element_type=\"widget\" data-widget_type=\"ova_heading.default\">\n\t\t\t\t<div class=\"elementor-widget-container\">\n\t\t\t\t\t<div class=\"ova-heading\">\n\n\t\t\t\t\t\t\n\t\t\t\t\t\t\t<h2 class=\"title second_font\">Seg\u00edts okosan!<\/h2>\n\t\t\t\n\t\t\t\n\t\t<\/div>\n\t\t\t\t<\/div>\n\t\t\t\t<\/div>\n\t\t\t\t<div class=\"elementor-element elementor-element-cfd1118 elementor-widget elementor-widget-text-editor\" data-id=\"cfd1118\" data-element_type=\"widget\" data-widget_type=\"text-editor.default\">\n\t\t\t\t<div class=\"elementor-widget-container\">\n\t\t\t<style>\/*! elementor - v3.10.1 - 17-01-2023 *\/\n.elementor-widget-text-editor.elementor-drop-cap-view-stacked .elementor-drop-cap{background-color:#818a91;color:#fff}.elementor-widget-text-editor.elementor-drop-cap-view-framed .elementor-drop-cap{color:#818a91;border:3px solid;background-color:transparent}.elementor-widget-text-editor:not(.elementor-drop-cap-view-default) .elementor-drop-cap{margin-top:8px}.elementor-widget-text-editor:not(.elementor-drop-cap-view-default) .elementor-drop-cap-letter{width:1em;height:1em}.elementor-widget-text-editor .elementor-drop-cap{float:left;text-align:center;line-height:1;font-size:50px}.elementor-widget-text-editor .elementor-drop-cap-letter{display:inline-block}<\/style>\t\t\t\t<p>Help Us! The objective of the programme is to export innovative solutions that are exclusively Hungarian-owned and that can have a multiplier effect in the communities supported. The assistance will make Hungarian innovations marketable and thus have a direct impact on the Hungarian economy.<br \/>In addition to providing aid work, the supporting partners joining the Programme become &#8222;Ambassadors&#8221;, participating in the process, selecting the projects supported and representing their businesses on the Aid&#8217;s Ambassador List.<br \/><b>The main winners of the Programme are, of course, the supported communities that, thanks to the social responsibility of Hungarian businesses, have been able to participate in the Help Smartly! They will be the international heralds of the programme. In this way, demonstrating the marketable innovation of the promoters.<\/b><\/p>\n\t\t\t\t\t\t<\/div>\n\t\t\t\t<\/div>\n\t\t\t\t\t<\/div>\n\t\t<\/div>\n\t\t\t\t\t\t\t<\/div>\n\t\t<\/section>\n\t\t\t\t<section class=\"elementor-section elementor-top-section elementor-element elementor-element-33b062b elementor-section-content-middle elementor-section-boxed elementor-section-height-default elementor-section-height-default\" data-id=\"33b062b\" data-element_type=\"section\">\n\t\t\t\t\t\t<div class=\"elementor-container elementor-column-gap-default\">\n\t\t\t\t\t<div class=\"elementor-column elementor-col-100 elementor-top-column elementor-element elementor-element-90721d1\" data-id=\"90721d1\" data-element_type=\"column\">\n\t\t\t<div class=\"elementor-widget-wrap elementor-element-populated\">\n\t\t\t\t\t\t\t\t<div class=\"elementor-element elementor-element-a9ef798 elementor-align-left elementor-widget elementor-widget-global elementor-global-489 elementor-widget-button\" data-id=\"a9ef798\" data-element_type=\"widget\" data-widget_type=\"button.default\">\n\t\t\t\t<div class=\"elementor-widget-container\">\n\t\t\t\t\t<div class=\"elementor-button-wrapper\">\n\t\t\t<a href=\"https:\/\/mhsa.hu\/wp-content\/uploads\/2023\/12\/mhsa-bemutatkozo.pdf\" class=\"elementor-button-link elementor-button elementor-size-md\" role=\"button\">\n\t\t\t\t\t\t<span class=\"elementor-button-content-wrapper\">\n\t\t\t\t\t\t<span class=\"elementor-button-text\">Bemutatkoz\u00f3 anyag<\/span>\n\t\t<\/span>\n\t\t\t\t\t<\/a>\n\t\t<\/div>\n\t\t\t\t<\/div>\n\t\t\t\t<\/div>\n\t\t\t\t\t<\/div>\n\t\t<\/div>\n\t\t\t\t\t\t\t<\/div>\n\t\t<\/section>\n\t\t\t\t\t\t\t<\/div>\n\t\t","protected":false},"excerpt":{"rendered":"<p>About MHSA Egy es\u00e9ly mindenkinek j\u00e1r K\u00fcldet\u00e9s\u00fcnk A Seg\u00e9lyszervezet k\u00fcldet\u00e9s\u00e9nek tartja, hogy gyors \u00e9s hat\u00e9kony seg\u00edts\u00e9get ny\u00fajtson a humanit\u00e1rius v\u00e1ls\u00e1gok \u00e9s az er\u0151szakos vall\u00e1si intolerancia \u00e1ldozatainak. A Seg\u00e9lyszervezet \u00e1ltal finansz\u00edrozott humanit\u00e1rius tev\u00e9kenys\u00e9gek \u2013 az Emberi Jogok Egyetemes Nyilatkozat\u00e1val \u00f6sszhangban \u2013 a helyi k\u00f6z\u00f6ss\u00e9g minden tagj\u00e1t t\u00e1mogatj\u00e1k: faji, etnikai, b\u0151rsz\u00edn szerinti, nemi \u00e9s nyelvi megk\u00fcl\u00f6nb\u00f6ztet\u00e9s n\u00e9lk\u00fcl, [&hellip;]<\/p>\n","protected":false},"author":1,"featured_media":0,"parent":0,"menu_order":0,"comment_status":"closed","ping_status":"closed","template":"","meta":{"footnotes":""},"class_list":["post-662","page","type-page","status-publish","hentry"],"_links":{"self":[{"href":"https:\/\/mhsa.hu\/index.php?rest_route=\/wp\/v2\/pages\/662","targetHints":{"allow":["GET"]}}],"collection":[{"href":"https:\/\/mhsa.hu\/index.php?rest_route=\/wp\/v2\/pages"}],"about":[{"href":"https:\/\/mhsa.hu\/index.php?rest_route=\/wp\/v2\/types\/page"}],"author":[{"embeddable":true,"href":"https:\/\/mhsa.hu\/index.php?rest_route=\/wp\/v2\/users\/1"}],"replies":[{"embeddable":true,"href":"https:\/\/mhsa.hu\/index.php?rest_route=%2Fwp%2Fv2%2Fcomments&post=662"}],"version-history":[{"count":1,"href":"https:\/\/mhsa.hu\/index.php?rest_route=\/wp\/v2\/pages\/662\/revisions"}],"predecessor-version":[{"id":663,"href":"https:\/\/mhsa.hu\/index.php?rest_route=\/wp\/v2\/pages\/662\/revisions\/663"}],"wp:attachment":[{"href":"https:\/\/mhsa.hu\/index.php?rest_route=%2Fwp%2Fv2%2Fmedia&parent=662"}],"curies":[{"name":"wp","href":"https:\/\/api.w.org\/{rel}","templated":true}]}}